{"id":15172,"date":"2025-08-12T09:56:32","date_gmt":"2025-08-12T08:56:32","guid":{"rendered":"https:\/\/www.pirilampo.pt\/?post_type=product&#038;p=15172"},"modified":"2025-10-15T10:24:04","modified_gmt":"2025-10-15T09:24:04","slug":"open","status":"publish","type":"product","link":"https:\/\/www.pirilampo.pt\/en\/product\/open\/","title":{"rendered":"Open"},"content":{"rendered":"","protected":false},"excerpt":{"rendered":"<p>40cm x 12cm<\/p>","protected":false},"featured_media":14701,"template":"","meta":{"_monsterinsights_skip_tracking":false,"_monsterinsights_sitenote_active":false,"_monsterinsights_sitenote_note":"","_monsterinsights_sitenote_category":0,"ocean_post_layout":"full-screen","ocean_both_sidebars_style":"","ocean_both_sidebars_content_width":0,"ocean_both_sidebars_sidebars_width":0,"ocean_sidebar":"0","ocean_second_sidebar":"0","ocean_disable_margins":"enable","ocean_add_body_class":"","ocean_shortcode_before_top_bar":"","ocean_shortcode_after_top_bar":"","ocean_shortcode_before_header":"","ocean_shortcode_after_header":"","ocean_has_shortcode":"","ocean_shortcode_after_title":"","ocean_shortcode_before_footer_widgets":"","ocean_shortcode_after_footer_widgets":"","ocean_shortcode_before_footer_bottom":"","ocean_shortcode_after_footer_bottom":"","ocean_display_top_bar":"off","ocean_display_header":"on","ocean_header_style":"","ocean_center_header_left_menu":"0","ocean_custom_header_template":"0","ocean_custom_logo":0,"ocean_custom_retina_logo":0,"ocean_custom_logo_max_width":0,"ocean_custom_logo_tablet_max_width":0,"ocean_custom_logo_mobile_max_width":0,"ocean_custom_logo_max_height":0,"ocean_custom_logo_tablet_max_height":0,"ocean_custom_logo_mobile_max_height":0,"ocean_header_custom_menu":"0","ocean_menu_typo_font_family":"0","ocean_menu_typo_font_subset":"","ocean_menu_typo_font_size":0,"ocean_menu_typo_font_size_tablet":0,"ocean_menu_typo_font_size_mobile":0,"ocean_menu_typo_font_size_unit":"px","ocean_menu_typo_font_weight":"","ocean_menu_typo_font_weight_tablet":"","ocean_menu_typo_font_weight_mobile":"","ocean_menu_typo_transform":"","ocean_menu_typo_transform_tablet":"","ocean_menu_typo_transform_mobile":"","ocean_menu_typo_line_height":0,"ocean_menu_typo_line_height_tablet":0,"ocean_menu_typo_line_height_mobile":0,"ocean_menu_typo_line_height_unit":"","ocean_menu_typo_spacing":0,"ocean_menu_typo_spacing_tablet":0,"ocean_menu_typo_spacing_mobile":0,"ocean_menu_typo_spacing_unit":"","ocean_menu_link_color":"","ocean_menu_link_color_hover":"","ocean_menu_link_color_active":"","ocean_menu_link_background":"","ocean_menu_link_hover_background":"","ocean_menu_link_active_background":"","ocean_menu_social_links_bg":"","ocean_menu_social_hover_links_bg":"","ocean_menu_social_links_color":"","ocean_menu_social_hover_links_color":"","ocean_disable_title":"on","ocean_disable_heading":"default","ocean_post_title":"","ocean_post_subheading":"","ocean_post_title_style":"","ocean_post_title_background_color":"","ocean_post_title_background":0,"ocean_post_title_bg_image_position":"","ocean_post_title_bg_image_attachment":"","ocean_post_title_bg_image_repeat":"","ocean_post_title_bg_image_size":"","ocean_post_title_height":0,"ocean_post_title_bg_overlay":0.5,"ocean_post_title_bg_overlay_color":"","ocean_disable_breadcrumbs":"default","ocean_breadcrumbs_color":"","ocean_breadcrumbs_separator_color":"","ocean_breadcrumbs_links_color":"","ocean_breadcrumbs_links_hover_color":"","ocean_display_footer_widgets":"off","ocean_display_footer_bottom":"off","ocean_custom_footer_template":"0"},"product_brand":[],"product_cat":[57],"product_tag":[],"class_list":{"0":"post-15172","1":"product","2":"type-product","3":"status-publish","4":"has-post-thumbnail","6":"product_cat-biz","8":"entry","9":"has-media","11":"first","12":"instock","13":"shipping-taxable","14":"purchasable","15":"product-type-variable","16":"has-default-attributes","17":"has-product-nav","18":"col","19":"span_1_of_3","20":"owp-content-center","21":"owp-thumbs-layout-horizontal","22":"owp-btn-normal","23":"owp-tabs-layout-horizontal","24":"has-no-thumbnails"},"yoast_head":"<!-- This site is optimized with the Yoast SEO plugin v27.0 - https:\/\/yoast.com\/product\/yoast-seo-wordpress\/ -->\n<title>Open - PIRILAMPO<\/title>\n<meta name=\"robots\" content=\"noindex, follow\" \/>\n<meta property=\"og:locale\" content=\"en_GB\" \/>\n<meta property=\"og:type\" content=\"article\" \/>\n<meta property=\"og:title\" content=\"Open - PIRILAMPO\" \/>\n<meta property=\"og:description\" content=\"40cm x 12cm\" \/>\n<meta property=\"og:url\" content=\"https:\/\/www.pirilampo.pt\/en\/product\/open\/\" \/>\n<meta property=\"og:site_name\" content=\"PIRILAMPO\" \/>\n<meta property=\"article:modified_time\" content=\"2025-10-15T09:24:04+00:00\" \/>\n<meta property=\"og:image\" content=\"https:\/\/www.pirilampo.pt\/wp-content\/uploads\/2025\/08\/OPEN.jpg\" \/>\n\t<meta property=\"og:image:width\" content=\"1165\" \/>\n\t<meta property=\"og:image:height\" content=\"699\" \/>\n\t<meta property=\"og:image:type\" content=\"image\/jpeg\" \/>\n<meta name=\"twitter:card\" content=\"summary_large_image\" \/>\n<script type=\"application\/ld+json\" class=\"yoast-schema-graph\">{\"@context\":\"https:\/\/schema.org\",\"@graph\":[{\"@type\":\"WebPage\",\"@id\":\"https:\/\/www.pirilampo.pt\/product\/open\/\",\"url\":\"https:\/\/www.pirilampo.pt\/product\/open\/\",\"name\":\"Open - PIRILAMPO\",\"isPartOf\":{\"@id\":\"https:\/\/www.pirilampo.pt\/#website\"},\"primaryImageOfPage\":{\"@id\":\"https:\/\/www.pirilampo.pt\/product\/open\/#primaryimage\"},\"image\":{\"@id\":\"https:\/\/www.pirilampo.pt\/product\/open\/#primaryimage\"},\"thumbnailUrl\":\"https:\/\/www.pirilampo.pt\/wp-content\/uploads\/2025\/08\/OPEN.jpg\",\"datePublished\":\"2025-08-12T08:56:32+00:00\",\"dateModified\":\"2025-10-15T09:24:04+00:00\",\"breadcrumb\":{\"@id\":\"https:\/\/www.pirilampo.pt\/product\/open\/#breadcrumb\"},\"inLanguage\":\"en-GB\",\"potentialAction\":[{\"@type\":\"ReadAction\",\"target\":[\"https:\/\/www.pirilampo.pt\/product\/open\/\"]}]},{\"@type\":\"ImageObject\",\"inLanguage\":\"en-GB\",\"@id\":\"https:\/\/www.pirilampo.pt\/product\/open\/#primaryimage\",\"url\":\"https:\/\/www.pirilampo.pt\/wp-content\/uploads\/2025\/08\/OPEN.jpg\",\"contentUrl\":\"https:\/\/www.pirilampo.pt\/wp-content\/uploads\/2025\/08\/OPEN.jpg\",\"width\":1165,\"height\":699},{\"@type\":\"BreadcrumbList\",\"@id\":\"https:\/\/www.pirilampo.pt\/product\/open\/#breadcrumb\",\"itemListElement\":[{\"@type\":\"ListItem\",\"position\":1,\"name\":\"Home\",\"item\":\"https:\/\/www.pirilampo.pt\/\"},{\"@type\":\"ListItem\",\"position\":2,\"name\":\"Products\",\"item\":\"https:\/\/www.pirilampo.pt\/shop\/\"},{\"@type\":\"ListItem\",\"position\":3,\"name\":\"Open\"}]},{\"@type\":\"WebSite\",\"@id\":\"https:\/\/www.pirilampo.pt\/#website\",\"url\":\"https:\/\/www.pirilampo.pt\/\",\"name\":\"PIRILAMPO\",\"description\":\"Neons &amp; Sinal\u00e9tica para Decora\u00e7\u00e3o e Eventos\",\"publisher\":{\"@id\":\"https:\/\/www.pirilampo.pt\/#organization\"},\"potentialAction\":[{\"@type\":\"SearchAction\",\"target\":{\"@type\":\"EntryPoint\",\"urlTemplate\":\"https:\/\/www.pirilampo.pt\/?s={search_term_string}\"},\"query-input\":{\"@type\":\"PropertyValueSpecification\",\"valueRequired\":true,\"valueName\":\"search_term_string\"}}],\"inLanguage\":\"en-GB\"},{\"@type\":\"Organization\",\"@id\":\"https:\/\/www.pirilampo.pt\/#organization\",\"name\":\"PIRILAMPO\",\"url\":\"https:\/\/www.pirilampo.pt\/\",\"logo\":{\"@type\":\"ImageObject\",\"inLanguage\":\"en-GB\",\"@id\":\"https:\/\/www.pirilampo.pt\/#\/schema\/logo\/image\/\",\"url\":\"https:\/\/www.pirilampo.pt\/wp-content\/uploads\/2019\/05\/piriround.png\",\"contentUrl\":\"https:\/\/www.pirilampo.pt\/wp-content\/uploads\/2019\/05\/piriround.png\",\"width\":1000,\"height\":1000,\"caption\":\"PIRILAMPO\"},\"image\":{\"@id\":\"https:\/\/www.pirilampo.pt\/#\/schema\/logo\/image\/\"}}]}<\/script>\n<!-- \/ Yoast SEO plugin. -->","yoast_head_json":{"title":"Open - PIRILAMPO","robots":{"index":"noindex","follow":"follow"},"og_locale":"en_GB","og_type":"article","og_title":"Open - PIRILAMPO","og_description":"40cm x 12cm","og_url":"https:\/\/www.pirilampo.pt\/en\/product\/open\/","og_site_name":"PIRILAMPO","article_modified_time":"2025-10-15T09:24:04+00:00","og_image":[{"width":1165,"height":699,"url":"https:\/\/www.pirilampo.pt\/wp-content\/uploads\/2025\/08\/OPEN.jpg","type":"image\/jpeg"}],"twitter_card":"summary_large_image","schema":{"@context":"https:\/\/schema.org","@graph":[{"@type":"WebPage","@id":"https:\/\/www.pirilampo.pt\/product\/open\/","url":"https:\/\/www.pirilampo.pt\/product\/open\/","name":"Open - PIRILAMPO","isPartOf":{"@id":"https:\/\/www.pirilampo.pt\/#website"},"primaryImageOfPage":{"@id":"https:\/\/www.pirilampo.pt\/product\/open\/#primaryimage"},"image":{"@id":"https:\/\/www.pirilampo.pt\/product\/open\/#primaryimage"},"thumbnailUrl":"https:\/\/www.pirilampo.pt\/wp-content\/uploads\/2025\/08\/OPEN.jpg","datePublished":"2025-08-12T08:56:32+00:00","dateModified":"2025-10-15T09:24:04+00:00","breadcrumb":{"@id":"https:\/\/www.pirilampo.pt\/product\/open\/#breadcrumb"},"inLanguage":"en-GB","potentialAction":[{"@type":"ReadAction","target":["https:\/\/www.pirilampo.pt\/product\/open\/"]}]},{"@type":"ImageObject","inLanguage":"en-GB","@id":"https:\/\/www.pirilampo.pt\/product\/open\/#primaryimage","url":"https:\/\/www.pirilampo.pt\/wp-content\/uploads\/2025\/08\/OPEN.jpg","contentUrl":"https:\/\/www.pirilampo.pt\/wp-content\/uploads\/2025\/08\/OPEN.jpg","width":1165,"height":699},{"@type":"BreadcrumbList","@id":"https:\/\/www.pirilampo.pt\/product\/open\/#breadcrumb","itemListElement":[{"@type":"ListItem","position":1,"name":"Home","item":"https:\/\/www.pirilampo.pt\/"},{"@type":"ListItem","position":2,"name":"Products","item":"https:\/\/www.pirilampo.pt\/shop\/"},{"@type":"ListItem","position":3,"name":"Open"}]},{"@type":"WebSite","@id":"https:\/\/www.pirilampo.pt\/#website","url":"https:\/\/www.pirilampo.pt\/","name":"PIRILAMPO","description":"Neons &amp; Sinal\u00e9tica para Decora\u00e7\u00e3o e Eventos","publisher":{"@id":"https:\/\/www.pirilampo.pt\/#organization"},"potentialAction":[{"@type":"SearchAction","target":{"@type":"EntryPoint","urlTemplate":"https:\/\/www.pirilampo.pt\/?s={search_term_string}"},"query-input":{"@type":"PropertyValueSpecification","valueRequired":true,"valueName":"search_term_string"}}],"inLanguage":"en-GB"},{"@type":"Organization","@id":"https:\/\/www.pirilampo.pt\/#organization","name":"PIRILAMPO","url":"https:\/\/www.pirilampo.pt\/","logo":{"@type":"ImageObject","inLanguage":"en-GB","@id":"https:\/\/www.pirilampo.pt\/#\/schema\/logo\/image\/","url":"https:\/\/www.pirilampo.pt\/wp-content\/uploads\/2019\/05\/piriround.png","contentUrl":"https:\/\/www.pirilampo.pt\/wp-content\/uploads\/2019\/05\/piriround.png","width":1000,"height":1000,"caption":"PIRILAMPO"},"image":{"@id":"https:\/\/www.pirilampo.pt\/#\/schema\/logo\/image\/"}}]}},"_links":{"self":[{"href":"https:\/\/www.pirilampo.pt\/en\/wp-json\/wp\/v2\/product\/15172","targetHints":{"allow":["GET"]}}],"collection":[{"href":"https:\/\/www.pirilampo.pt\/en\/wp-json\/wp\/v2\/product"}],"about":[{"href":"https:\/\/www.pirilampo.pt\/en\/wp-json\/wp\/v2\/types\/product"}],"wp:featuredmedia":[{"embeddable":true,"href":"https:\/\/www.pirilampo.pt\/en\/wp-json\/wp\/v2\/media\/14701"}],"wp:attachment":[{"href":"https:\/\/www.pirilampo.pt\/en\/wp-json\/wp\/v2\/media?parent=15172"}],"wp:term":[{"taxonomy":"product_brand","embeddable":true,"href":"https:\/\/www.pirilampo.pt\/en\/wp-json\/wp\/v2\/product_brand?post=15172"},{"taxonomy":"product_cat","embeddable":true,"href":"https:\/\/www.pirilampo.pt\/en\/wp-json\/wp\/v2\/product_cat?post=15172"},{"taxonomy":"product_tag","embeddable":true,"href":"https:\/\/www.pirilampo.pt\/en\/wp-json\/wp\/v2\/product_tag?post=15172"}],"curies":[{"name":"wp","href":"https:\/\/api.w.org\/{rel}","templated":true}]}}