{"id":5444,"date":"2021-02-02T12:57:28","date_gmt":"2021-02-02T12:57:28","guid":{"rendered":"https:\/\/www.pirilampo.pt\/?post_type=product&#038;p=5444"},"modified":"2022-06-01T15:20:06","modified_gmt":"2022-06-01T14:20:06","slug":"chill","status":"publish","type":"product","link":"https:\/\/www.pirilampo.pt\/en\/product\/chill\/","title":{"rendered":"Chill"},"content":{"rendered":"","protected":false},"excerpt":{"rendered":"<p>60cm x 30cm<\/p>","protected":false},"featured_media":7097,"template":"","meta":{"_monsterinsights_skip_tracking":false,"_monsterinsights_sitenote_active":false,"_monsterinsights_sitenote_note":"","_monsterinsights_sitenote_category":0,"ocean_post_layout":"full-screen","ocean_both_sidebars_style":"","ocean_both_sidebars_content_width":0,"ocean_both_sidebars_sidebars_width":0,"ocean_sidebar":"0","ocean_second_sidebar":"0","ocean_disable_margins":"enable","ocean_add_body_class":"","ocean_shortcode_before_top_bar":"","ocean_shortcode_after_top_bar":"","ocean_shortcode_before_header":"","ocean_shortcode_after_header":"","ocean_has_shortcode":"","ocean_shortcode_after_title":"","ocean_shortcode_before_footer_widgets":"","ocean_shortcode_after_footer_widgets":"","ocean_shortcode_before_footer_bottom":"","ocean_shortcode_after_footer_bottom":"","ocean_display_top_bar":"off","ocean_display_header":"on","ocean_header_style":"","ocean_center_header_left_menu":"0","ocean_custom_header_template":"0","ocean_custom_logo":0,"ocean_custom_retina_logo":0,"ocean_custom_logo_max_width":0,"ocean_custom_logo_tablet_max_width":0,"ocean_custom_logo_mobile_max_width":0,"ocean_custom_logo_max_height":0,"ocean_custom_logo_tablet_max_height":0,"ocean_custom_logo_mobile_max_height":0,"ocean_header_custom_menu":"0","ocean_menu_typo_font_family":"0","ocean_menu_typo_font_subset":"","ocean_menu_typo_font_size":0,"ocean_menu_typo_font_size_tablet":0,"ocean_menu_typo_font_size_mobile":0,"ocean_menu_typo_font_size_unit":"px","ocean_menu_typo_font_weight":"","ocean_menu_typo_font_weight_tablet":"","ocean_menu_typo_font_weight_mobile":"","ocean_menu_typo_transform":"","ocean_menu_typo_transform_tablet":"","ocean_menu_typo_transform_mobile":"","ocean_menu_typo_line_height":0,"ocean_menu_typo_line_height_tablet":0,"ocean_menu_typo_line_height_mobile":0,"ocean_menu_typo_line_height_unit":"","ocean_menu_typo_spacing":0,"ocean_menu_typo_spacing_tablet":0,"ocean_menu_typo_spacing_mobile":0,"ocean_menu_typo_spacing_unit":"","ocean_menu_link_color":"","ocean_menu_link_color_hover":"","ocean_menu_link_color_active":"","ocean_menu_link_background":"","ocean_menu_link_hover_background":"","ocean_menu_link_active_background":"","ocean_menu_social_links_bg":"","ocean_menu_social_hover_links_bg":"","ocean_menu_social_links_color":"","ocean_menu_social_hover_links_color":"","ocean_disable_title":"on","ocean_disable_heading":"default","ocean_post_title":"","ocean_post_subheading":"","ocean_post_title_style":"","ocean_post_title_background_color":"","ocean_post_title_background":0,"ocean_post_title_bg_image_position":"","ocean_post_title_bg_image_attachment":"","ocean_post_title_bg_image_repeat":"","ocean_post_title_bg_image_size":"","ocean_post_title_height":0,"ocean_post_title_bg_overlay":0.5,"ocean_post_title_bg_overlay_color":"","ocean_disable_breadcrumbs":"default","ocean_breadcrumbs_color":"","ocean_breadcrumbs_separator_color":"","ocean_breadcrumbs_links_color":"","ocean_breadcrumbs_links_hover_color":"","ocean_display_footer_widgets":"off","ocean_display_footer_bottom":"off","ocean_custom_footer_template":"0"},"product_brand":[],"product_cat":[27],"product_tag":[],"class_list":{"0":"post-5444","1":"product","2":"type-product","3":"status-publish","4":"has-post-thumbnail","6":"product_cat-archive","8":"entry","9":"has-media","11":"first","12":"instock","13":"shipping-taxable","14":"purchasable","15":"product-type-variable","16":"has-default-attributes","17":"has-product-nav","18":"col","19":"span_1_of_3","20":"owp-content-center","21":"owp-thumbs-layout-horizontal","22":"owp-btn-normal","23":"owp-tabs-layout-horizontal","24":"has-no-thumbnails"},"yoast_head":"<!-- This site is optimized with the Yoast SEO plugin v27.0 - https:\/\/yoast.com\/product\/yoast-seo-wordpress\/ -->\n<title>Chill - PIRILAMPO<\/title>\n<meta name=\"robots\" content=\"noindex, follow\" \/>\n<meta property=\"og:locale\" content=\"en_GB\" \/>\n<meta property=\"og:type\" content=\"article\" \/>\n<meta property=\"og:title\" content=\"Chill - PIRILAMPO\" \/>\n<meta property=\"og:description\" content=\"60cm x 30cm\" \/>\n<meta property=\"og:url\" content=\"https:\/\/www.pirilampo.pt\/en\/product\/chill\/\" \/>\n<meta property=\"og:site_name\" content=\"PIRILAMPO\" \/>\n<meta property=\"article:modified_time\" content=\"2022-06-01T14:20:06+00:00\" \/>\n<meta property=\"og:image\" content=\"https:\/\/www.pirilampo.pt\/wp-content\/uploads\/2021\/02\/Chill-1-scaled.jpg\" \/>\n\t<meta property=\"og:image:width\" content=\"2560\" \/>\n\t<meta property=\"og:image:height\" content=\"1600\" \/>\n\t<meta property=\"og:image:type\" content=\"image\/jpeg\" \/>\n<meta name=\"twitter:card\" content=\"summary_large_image\" \/>\n<script type=\"application\/ld+json\" class=\"yoast-schema-graph\">{\"@context\":\"https:\/\/schema.org\",\"@graph\":[{\"@type\":\"WebPage\",\"@id\":\"https:\/\/www.pirilampo.pt\/product\/chill\/\",\"url\":\"https:\/\/www.pirilampo.pt\/product\/chill\/\",\"name\":\"Chill - PIRILAMPO\",\"isPartOf\":{\"@id\":\"https:\/\/www.pirilampo.pt\/#website\"},\"primaryImageOfPage\":{\"@id\":\"https:\/\/www.pirilampo.pt\/product\/chill\/#primaryimage\"},\"image\":{\"@id\":\"https:\/\/www.pirilampo.pt\/product\/chill\/#primaryimage\"},\"thumbnailUrl\":\"https:\/\/www.pirilampo.pt\/wp-content\/uploads\/2021\/02\/Chill-1-scaled.jpg\",\"datePublished\":\"2021-02-02T12:57:28+00:00\",\"dateModified\":\"2022-06-01T14:20:06+00:00\",\"breadcrumb\":{\"@id\":\"https:\/\/www.pirilampo.pt\/product\/chill\/#breadcrumb\"},\"inLanguage\":\"en-GB\",\"potentialAction\":[{\"@type\":\"ReadAction\",\"target\":[\"https:\/\/www.pirilampo.pt\/product\/chill\/\"]}]},{\"@type\":\"ImageObject\",\"inLanguage\":\"en-GB\",\"@id\":\"https:\/\/www.pirilampo.pt\/product\/chill\/#primaryimage\",\"url\":\"https:\/\/www.pirilampo.pt\/wp-content\/uploads\/2021\/02\/Chill-1-scaled.jpg\",\"contentUrl\":\"https:\/\/www.pirilampo.pt\/wp-content\/uploads\/2021\/02\/Chill-1-scaled.jpg\",\"width\":2560,\"height\":1600,\"caption\":\"Green vine wall texture. Tropical background.\"},{\"@type\":\"BreadcrumbList\",\"@id\":\"https:\/\/www.pirilampo.pt\/product\/chill\/#breadcrumb\",\"itemListElement\":[{\"@type\":\"ListItem\",\"position\":1,\"name\":\"Home\",\"item\":\"https:\/\/www.pirilampo.pt\/\"},{\"@type\":\"ListItem\",\"position\":2,\"name\":\"Products\",\"item\":\"https:\/\/www.pirilampo.pt\/shop\/\"},{\"@type\":\"ListItem\",\"position\":3,\"name\":\"Chill\"}]},{\"@type\":\"WebSite\",\"@id\":\"https:\/\/www.pirilampo.pt\/#website\",\"url\":\"https:\/\/www.pirilampo.pt\/\",\"name\":\"PIRILAMPO\",\"description\":\"Neons &amp; Sinal\u00e9tica para Decora\u00e7\u00e3o e Eventos\",\"publisher\":{\"@id\":\"https:\/\/www.pirilampo.pt\/#organization\"},\"potentialAction\":[{\"@type\":\"SearchAction\",\"target\":{\"@type\":\"EntryPoint\",\"urlTemplate\":\"https:\/\/www.pirilampo.pt\/?s={search_term_string}\"},\"query-input\":{\"@type\":\"PropertyValueSpecification\",\"valueRequired\":true,\"valueName\":\"search_term_string\"}}],\"inLanguage\":\"en-GB\"},{\"@type\":\"Organization\",\"@id\":\"https:\/\/www.pirilampo.pt\/#organization\",\"name\":\"PIRILAMPO\",\"url\":\"https:\/\/www.pirilampo.pt\/\",\"logo\":{\"@type\":\"ImageObject\",\"inLanguage\":\"en-GB\",\"@id\":\"https:\/\/www.pirilampo.pt\/#\/schema\/logo\/image\/\",\"url\":\"https:\/\/www.pirilampo.pt\/wp-content\/uploads\/2019\/05\/piriround.png\",\"contentUrl\":\"https:\/\/www.pirilampo.pt\/wp-content\/uploads\/2019\/05\/piriround.png\",\"width\":1000,\"height\":1000,\"caption\":\"PIRILAMPO\"},\"image\":{\"@id\":\"https:\/\/www.pirilampo.pt\/#\/schema\/logo\/image\/\"}}]}<\/script>\n<!-- \/ Yoast SEO plugin. -->","yoast_head_json":{"title":"Chill - PIRILAMPO","robots":{"index":"noindex","follow":"follow"},"og_locale":"en_GB","og_type":"article","og_title":"Chill - PIRILAMPO","og_description":"60cm x 30cm","og_url":"https:\/\/www.pirilampo.pt\/en\/product\/chill\/","og_site_name":"PIRILAMPO","article_modified_time":"2022-06-01T14:20:06+00:00","og_image":[{"width":2560,"height":1600,"url":"https:\/\/www.pirilampo.pt\/wp-content\/uploads\/2021\/02\/Chill-1-scaled.jpg","type":"image\/jpeg"}],"twitter_card":"summary_large_image","schema":{"@context":"https:\/\/schema.org","@graph":[{"@type":"WebPage","@id":"https:\/\/www.pirilampo.pt\/product\/chill\/","url":"https:\/\/www.pirilampo.pt\/product\/chill\/","name":"Chill - PIRILAMPO","isPartOf":{"@id":"https:\/\/www.pirilampo.pt\/#website"},"primaryImageOfPage":{"@id":"https:\/\/www.pirilampo.pt\/product\/chill\/#primaryimage"},"image":{"@id":"https:\/\/www.pirilampo.pt\/product\/chill\/#primaryimage"},"thumbnailUrl":"https:\/\/www.pirilampo.pt\/wp-content\/uploads\/2021\/02\/Chill-1-scaled.jpg","datePublished":"2021-02-02T12:57:28+00:00","dateModified":"2022-06-01T14:20:06+00:00","breadcrumb":{"@id":"https:\/\/www.pirilampo.pt\/product\/chill\/#breadcrumb"},"inLanguage":"en-GB","potentialAction":[{"@type":"ReadAction","target":["https:\/\/www.pirilampo.pt\/product\/chill\/"]}]},{"@type":"ImageObject","inLanguage":"en-GB","@id":"https:\/\/www.pirilampo.pt\/product\/chill\/#primaryimage","url":"https:\/\/www.pirilampo.pt\/wp-content\/uploads\/2021\/02\/Chill-1-scaled.jpg","contentUrl":"https:\/\/www.pirilampo.pt\/wp-content\/uploads\/2021\/02\/Chill-1-scaled.jpg","width":2560,"height":1600,"caption":"Green vine wall texture. Tropical background."},{"@type":"BreadcrumbList","@id":"https:\/\/www.pirilampo.pt\/product\/chill\/#breadcrumb","itemListElement":[{"@type":"ListItem","position":1,"name":"Home","item":"https:\/\/www.pirilampo.pt\/"},{"@type":"ListItem","position":2,"name":"Products","item":"https:\/\/www.pirilampo.pt\/shop\/"},{"@type":"ListItem","position":3,"name":"Chill"}]},{"@type":"WebSite","@id":"https:\/\/www.pirilampo.pt\/#website","url":"https:\/\/www.pirilampo.pt\/","name":"PIRILAMPO","description":"Neons &amp; Sinal\u00e9tica para Decora\u00e7\u00e3o e Eventos","publisher":{"@id":"https:\/\/www.pirilampo.pt\/#organization"},"potentialAction":[{"@type":"SearchAction","target":{"@type":"EntryPoint","urlTemplate":"https:\/\/www.pirilampo.pt\/?s={search_term_string}"},"query-input":{"@type":"PropertyValueSpecification","valueRequired":true,"valueName":"search_term_string"}}],"inLanguage":"en-GB"},{"@type":"Organization","@id":"https:\/\/www.pirilampo.pt\/#organization","name":"PIRILAMPO","url":"https:\/\/www.pirilampo.pt\/","logo":{"@type":"ImageObject","inLanguage":"en-GB","@id":"https:\/\/www.pirilampo.pt\/#\/schema\/logo\/image\/","url":"https:\/\/www.pirilampo.pt\/wp-content\/uploads\/2019\/05\/piriround.png","contentUrl":"https:\/\/www.pirilampo.pt\/wp-content\/uploads\/2019\/05\/piriround.png","width":1000,"height":1000,"caption":"PIRILAMPO"},"image":{"@id":"https:\/\/www.pirilampo.pt\/#\/schema\/logo\/image\/"}}]}},"_links":{"self":[{"href":"https:\/\/www.pirilampo.pt\/en\/wp-json\/wp\/v2\/product\/5444","targetHints":{"allow":["GET"]}}],"collection":[{"href":"https:\/\/www.pirilampo.pt\/en\/wp-json\/wp\/v2\/product"}],"about":[{"href":"https:\/\/www.pirilampo.pt\/en\/wp-json\/wp\/v2\/types\/product"}],"wp:featuredmedia":[{"embeddable":true,"href":"https:\/\/www.pirilampo.pt\/en\/wp-json\/wp\/v2\/media\/7097"}],"wp:attachment":[{"href":"https:\/\/www.pirilampo.pt\/en\/wp-json\/wp\/v2\/media?parent=5444"}],"wp:term":[{"taxonomy":"product_brand","embeddable":true,"href":"https:\/\/www.pirilampo.pt\/en\/wp-json\/wp\/v2\/product_brand?post=5444"},{"taxonomy":"product_cat","embeddable":true,"href":"https:\/\/www.pirilampo.pt\/en\/wp-json\/wp\/v2\/product_cat?post=5444"},{"taxonomy":"product_tag","embeddable":true,"href":"https:\/\/www.pirilampo.pt\/en\/wp-json\/wp\/v2\/product_tag?post=5444"}],"curies":[{"name":"wp","href":"https:\/\/api.w.org\/{rel}","templated":true}]}}