{"id":1318,"date":"2019-11-25T14:47:19","date_gmt":"2019-11-25T13:47:19","guid":{"rendered":"https:\/\/www.pirilampo.pt\/?page_id=1318"},"modified":"2026-02-24T09:00:28","modified_gmt":"2026-02-24T09:00:28","slug":"termos-condicoes","status":"publish","type":"page","link":"https:\/\/www.pirilampo.pt\/pt\/termos-condicoes\/","title":{"rendered":"Termos &#038; Condi\u00e7\u00f5es"},"content":{"rendered":"\t\t<div data-elementor-type=\"wp-page\" data-elementor-id=\"1318\" class=\"elementor elementor-1318\" data-elementor-post-type=\"page\">\n\t\t\t\t\t\t<section class=\"elementor-section elementor-top-section elementor-element elementor-element-466132c elementor-section-boxed elementor-section-height-default elementor-section-height-default\" data-id=\"466132c\" data-element_type=\"section\" data-e-type=\"section\" data-settings=\"{&quot;background_background&quot;:&quot;classic&quot;}\">\n\t\t\t\t\t\t\t<div class=\"elementor-background-overlay\"><\/div>\n\t\t\t\t\t\t\t<div class=\"elementor-container elementor-column-gap-default\">\n\t\t\t\t\t<div class=\"elementor-column elementor-col-100 elementor-top-column elementor-element elementor-element-2da41eb\" data-id=\"2da41eb\" data-element_type=\"column\" data-e-type=\"column\">\n\t\t\t<div class=\"elementor-widget-wrap elementor-element-populated\">\n\t\t\t\t\t\t<div class=\"elementor-element elementor-element-664404f elementor-widget elementor-widget-image\" data-id=\"664404f\" data-element_type=\"widget\" data-e-type=\"widget\" data-widget_type=\"image.default\">\n\t\t\t\t<div class=\"elementor-widget-container\">\n\t\t\t\t\t\t\t\t\t\t\t\t\t\t\t<img fetchpriority=\"high\" decoding=\"async\" width=\"2551\" height=\"615\" src=\"https:\/\/www.pirilampo.pt\/wp-content\/uploads\/2026\/02\/intro.png\" class=\"attachment-full size-full wp-image-17293\" alt=\"\" srcset=\"https:\/\/www.pirilampo.pt\/wp-content\/uploads\/2026\/02\/intro.png 2551w, https:\/\/www.pirilampo.pt\/wp-content\/uploads\/2026\/02\/intro-300x72.png 300w, https:\/\/www.pirilampo.pt\/wp-content\/uploads\/2026\/02\/intro-1024x247.png 1024w, https:\/\/www.pirilampo.pt\/wp-content\/uploads\/2026\/02\/intro-768x185.png 768w, https:\/\/www.pirilampo.pt\/wp-content\/uploads\/2026\/02\/intro-1536x370.png 1536w, https:\/\/www.pirilampo.pt\/wp-content\/uploads\/2026\/02\/intro-2048x494.png 2048w, https:\/\/www.pirilampo.pt\/wp-content\/uploads\/2026\/02\/intro-18x4.png 18w, https:\/\/www.pirilampo.pt\/wp-content\/uploads\/2026\/02\/intro-600x145.png 600w\" sizes=\"(max-width: 2551px) 100vw, 2551px\" \/>\t\t\t\t\t\t\t\t\t\t\t\t\t\t\t<\/div>\n\t\t\t\t<\/div>\n\t\t\t\t<div class=\"elementor-element elementor-element-5558d2d elementor-hidden-desktop elementor-hidden-tablet elementor-widget elementor-widget-heading\" data-id=\"5558d2d\" data-element_type=\"widget\" data-e-type=\"widget\" data-widget_type=\"heading.default\">\n\t\t\t\t<div class=\"elementor-widget-container\">\n\t\t\t\t\t<h2 class=\"elementor-heading-title elementor-size-default\">DAMOS LUZ \u00c0S SUAS IDEIAS<\/h2>\t\t\t\t<\/div>\n\t\t\t\t<\/div>\n\t\t\t\t<div class=\"elementor-element elementor-element-a64221a elementor-hidden-desktop elementor-hidden-tablet elementor-widget elementor-widget-spacer\" data-id=\"a64221a\" data-element_type=\"widget\" data-e-type=\"widget\" data-widget_type=\"spacer.default\">\n\t\t\t\t<div class=\"elementor-widget-container\">\n\t\t\t\t\t\t\t<div class=\"elementor-spacer\">\n\t\t\t<div class=\"elementor-spacer-inner\"><\/div>\n\t\t<\/div>\n\t\t\t\t\t\t<\/div>\n\t\t\t\t<\/div>\n\t\t\t\t<div class=\"elementor-element elementor-element-c9efe58 elementor-hidden-desktop elementor-hidden-tablet elementor-widget elementor-widget-spacer\" data-id=\"c9efe58\" data-element_type=\"widget\" data-e-type=\"widget\" data-widget_type=\"spacer.default\">\n\t\t\t\t<div class=\"elementor-widget-container\">\n\t\t\t\t\t\t\t<div class=\"elementor-spacer\">\n\t\t\t<div class=\"elementor-spacer-inner\"><\/div>\n\t\t<\/div>\n\t\t\t\t\t\t<\/div>\n\t\t\t\t<\/div>\n\t\t\t\t<div class=\"elementor-element elementor-element-f406148 elementor-widget elementor-widget-heading\" data-id=\"f406148\" data-element_type=\"widget\" data-e-type=\"widget\" data-widget_type=\"heading.default\">\n\t\t\t\t<div class=\"elementor-widget-container\">\n\t\t\t\t\t<h2 class=\"elementor-heading-title elementor-size-default\">Termos &amp; Condi\u00e7\u00f5es<\/h2>\t\t\t\t<\/div>\n\t\t\t\t<\/div>\n\t\t\t\t<div class=\"elementor-element elementor-element-c139967 elementor-hidden-desktop elementor-hidden-tablet elementor-widget elementor-widget-spacer\" data-id=\"c139967\" data-element_type=\"widget\" data-e-type=\"widget\" data-widget_type=\"spacer.default\">\n\t\t\t\t<div class=\"elementor-widget-container\">\n\t\t\t\t\t\t\t<div class=\"elementor-spacer\">\n\t\t\t<div class=\"elementor-spacer-inner\"><\/div>\n\t\t<\/div>\n\t\t\t\t\t\t<\/div>\n\t\t\t\t<\/div>\n\t\t\t\t<div class=\"elementor-element elementor-element-b4ec52a elementor-widget elementor-widget-text-editor\" data-id=\"b4ec52a\" data-element_type=\"widget\" data-e-type=\"widget\" data-widget_type=\"text-editor.default\">\n\t\t\t\t<div class=\"elementor-widget-container\">\n\t\t\t\t\t\t\t\t\t<p><strong>Pre\u00e2mbulo<\/strong><\/p>\n<p>Estas condi\u00e7\u00f5es gerais de venda s\u00e3o acordadas entre a PIRILAMPO, com sede em Lisboa, Av. Salgueiro Maia 1025, Parque da Cotai, e as pessoas que desejem efetuar compras atrav\u00e9s do website www.pirilampo.pt doravante designadas por &#8220;Utilizador&#8221;.<\/p>\n<p>As partes acordam que as compras efetuadas atrav\u00e9s do website www.pirilampo.pt ser\u00e3o reguladas exclusivamente pelo presente contrato com exclus\u00e3o de quaisquer condi\u00e7\u00f5es previamente dispon\u00edveis no website.<\/p>\n<p><strong>Artigo 1 \u2013 Objeto<\/strong><\/p>\n<ol>\n<li>As presentes condi\u00e7\u00f5es gerais de venda t\u00eam por objeto disponibilizar e definir todas as informa\u00e7\u00f5es necess\u00e1rias ao Utilizador sobre as modalidades de encomenda, venda, pagamento e entrega das compras efetuadas no website www.pirilampo.pt.<\/li>\n<li>Estas condi\u00e7\u00f5es regulam todas as etapas necess\u00e1rias para realizar a encomenda e garantem o seguimento desta encomenda entre as Partes Contratantes.<\/li>\n<\/ol>\n<p><strong>Artigo 2 \u2013 Encomenda<\/strong><\/p>\n<ol>\n<li>O Utilizador concretiza a sua encomenda atrav\u00e9s da conclus\u00e3o do processo de compra apresentado no website www.pirilampo.pt, adicionando o(s) produto(s) que pretende encomendar ao carrinho de compras.<\/li>\n<li>Para finalizar a sua encomenda o Utilizador dever\u00e1 completar a informa\u00e7\u00e3o e escolher as op\u00e7\u00f5es que lhe s\u00e3o disponibilizadas ao longo do processo de termino da encomenda (morada de entrega e fatura\u00e7\u00e3o, forma de envio, forma de pagamento, bem como o NIF e o nome que, para efeitos fiscais, pretende que constem na fatura).<\/li>\n<li>A confirma\u00e7\u00e3o final da encomenda pelo Utilizador equivale \u00e0 aceita\u00e7\u00e3o plena e completa dos pre\u00e7os e descri\u00e7\u00e3o dos produtos dispon\u00edveis para venda assim como destas Condi\u00e7\u00f5es Gerais de Venda que ser\u00e3o as \u00fanicas aplic\u00e1veis ao contrato assim conclu\u00eddo.<\/li>\n<li>A PIRILAMPO honrar\u00e1 as encomendas recebidas online unicamente at\u00e9 ao limite dos stocks dispon\u00edveis. Na falta de disponibilidade do produto a PIRILAMPO compromete-se a informar o Utilizador logo que lhe seja poss\u00edvel.<\/li>\n<li>Os pedidos de encomenda atrav\u00e9s da Loja Online t\u00eam uma validade de 5 (cinco) dias, exceto se a encomenda for registada ao abrigo de uma campanha promocional que defina um prazo diferente, n\u00e3o sendo poss\u00edvel garantir os pre\u00e7os, descontos, promo\u00e7\u00f5es e ofertas para al\u00e9m deste prazo. Caso o pagamento da mesma n\u00e3o seja recepcionado pelos nossos servi\u00e7os dentro do referido prazo, a encomenda n\u00e3o poder\u00e1 ser validada. Qualquer valor recebido ap\u00f3s esta data ser\u00e1 devolvido ou usado numa nova encomenda.<\/li>\n<li>Os dados constantes na fatura s\u00e3o da inteira responsabilidade do Utilizador. A fatura depois de emitida n\u00e3o poder\u00e1 ser reemitida com altera\u00e7\u00f5es.<\/li>\n<li>As dimens\u00f5es indicadas nas descri\u00e7\u00f5es dos produtos podem variar em +\/- 5cm.<\/li>\n<\/ol>\n<p><strong>Artigo 3 \u2013 Pagamento<\/strong><\/p>\n<p>No website www.pirilampo.pt, a PIRILAMPO prop\u00f5e ao Utilizador as seguintes modalidades de pagamento via Easypay &#8211; Institui\u00e7\u00e3o de Pagamento Lda:<\/p>\n<ol>\n<li>Cart\u00e3o de cr\u00e9dito (Visa, Mastercard);<\/li>\n<li>Refer\u00eancia Multibanco;<\/li>\n<li>MBWay;<\/li>\n<li>No caso do pagamento com cart\u00e3o de cr\u00e9dito, o d\u00e9bito ser\u00e1 efetuado no cart\u00e3o do Utilizador imediatamente ap\u00f3s confirma\u00e7\u00e3o da expedi\u00e7\u00e3o da mercadoria. Se alguns produtos encomendados se encontrarem esgotados, o valor dos mesmos ser\u00e1 creditado no cart\u00e3o do Utilizador, ap\u00f3s o fecho da encomenda.<\/li>\n<\/ol>\n<p><strong>Artigo 4 \u2013 Entrega<\/strong><\/p>\n<ol>\n<li>A expedi\u00e7\u00e3o dos Neons LED pode realizar-se at\u00e9 30 dias ap\u00f3s a encomenda. A entrega \u00e9 realizada pela transportadora contratada pela PIRILAMPO. Ap\u00f3s o envio da encomenda a PIRILAMPO n\u00e3o se responsabiliza por eventuais atrasos de entrega. Para envios com destino a Portugal os portes de envio s\u00e3o gratuitos.<\/li>\n<\/ol>\n<p><strong>Artigo 5 \u2013 Pre\u00e7os<\/strong><\/p>\n<ol>\n<li>Os pre\u00e7os devem entender-se em Euros, com taxas e impostos inclu\u00eddos, tendo em conta o IVA em vigor \u00e0 data do pagamento da encomenda.<\/li>\n<li>Caso se verifique um aumento do Pre\u00e7os de algum produto, o Utilizador ser\u00e1 informado de imediato, podendo optar por receber a sua encomenda (efetuando o pagamento da diferen\u00e7a) ou por proceder ao seu cancelamento.<\/li>\n<\/ol>\n<p><strong>Artigo 6 \u2013 Garantia<\/strong><\/p>\n<ol>\n<li>Os produtos t\u00eam garantia de um ano, a contar da data de envio, contra defeitos de fabrico.&nbsp;<\/li>\n<li>Danos causados por manuseamento devido, \u00e1gua, humidade, temperaturas excessivas ou outros factores externos invalidam a garantia.<\/li>\n<li>Qualquer altera\u00e7\u00e3o do producto original invalida tamb\u00e9m a garantia.<\/li>\n<li>\n<p>Caso seja detectado um defeito de fabrico ou o Utilizador deseje que a PIRILAMPO investigue um eventual dano, o Utilizador ficar\u00e1 encarregue de entregar e recolher o produto em quest\u00e3o na sede da PIRILAMPO.<\/p>\n<\/li>\n<\/ol>\n<p><strong>Artigo 7 \u2013&nbsp;Cancelamento e Devolu\u00e7\u00e3o<\/strong><\/p>\n<ol>\n<li>O processo de cancelamento ou devolu\u00e7\u00e3o \u00e9 tratado, caso a caso, pela PIRILAMPO. O pedido dever\u00e1 chegar por escrito para o e-mail de contacto geral@pirilampo.pt, at\u00e9 30 dias ap\u00f3s a encomenda, sendo as instru\u00e7\u00f5es de cancelamento ou devolu\u00e7\u00e3o da mercadoria respondidas e definidas pela PIRILAMPO, pelo mesmo meio de comunica\u00e7\u00e3o.<\/li>\n<li>Sempre que poss\u00edvel a devolu\u00e7\u00e3o dever\u00e1 realizar-se pela mesma via de pagamento, mas caso n\u00e3o seja poss\u00edvel, o utilizador dever\u00e1 apresentar comprovativos de pagamento e de titularidade de conta ou cart\u00e3o, para que se realize a devolu\u00e7\u00e3o por Transfer\u00eancia Banc\u00e1ria.<\/li>\n<li>A PIRILAMPO compromete-se a reembolsar o Utilizador no prazo m\u00e1ximo de 30 dias.<\/li>\n<li>Os produtos devolvidos t\u00eam obrigatoriamente de se encontrar em condi\u00e7\u00f5es de venda, ou seja, no mesmo estado em que chegaram \u00e0s m\u00e3os do Utilizador, sem qualquer anomalia ou dano.<\/li>\n<li>N\u00e3o s\u00e3o aceites devolu\u00e7\u00f5es de trabalhos personalizados.<\/li>\n<li>Se o valor resultante da troca de produtos de uma encomenda for inferior ou superior ao valor inicial da mesma, as condi\u00e7\u00f5es de acerto, ser\u00e3o indicadas pela PIRILAMPO.<\/li>\n<\/ol>\n<p><strong>Artigo 8 \u2013 Pol\u00edtica de Privacidade&nbsp;<\/strong><\/p>\n<p>O tratamento dos seus dados \u00e9feito no cumprimento da legisla\u00e7\u00e3o sobre a prote\u00e7\u00e3o de dados pessoais. Os mesmos, sujeitos a tratamento inform\u00e1tico, constar\u00e3o na base de dados da PIRILAMPO e destinam-se ao registo e apresenta\u00e7\u00e3o de outros produtos e servi\u00e7os, bem como informa\u00e7\u00e3o institucional, a disponibilizar pelas mesmas.<\/p>\n<p>O seu fornecimento \u00e9 facultativo e \u00e9 garantido, nos termos da lei, o direito de acesso, retifica\u00e7\u00e3o e anula\u00e7\u00e3o de qualquer dado que lhe diga diretamente respeito, pessoalmente ou por via escrita, diretamente para o endere\u00e7o constante na p\u00e1gina inicial deste website.<\/p>\t\t\t\t\t\t\t\t<\/div>\n\t\t\t\t<\/div>\n\t\t\t\t<div class=\"elementor-element elementor-element-9b93cb8 elementor-widget elementor-widget-image\" data-id=\"9b93cb8\" data-element_type=\"widget\" data-e-type=\"widget\" data-widget_type=\"image.default\">\n\t\t\t\t<div class=\"elementor-widget-container\">\n\t\t\t\t\t\t\t\t\t\t\t\t\t\t\t<img decoding=\"async\" width=\"1024\" height=\"443\" src=\"https:\/\/www.pirilampo.pt\/wp-content\/uploads\/2019\/11\/footer--1024x443.png\" class=\"attachment-large size-large wp-image-1298\" alt=\"\" srcset=\"https:\/\/www.pirilampo.pt\/wp-content\/uploads\/2019\/11\/footer--1024x443.png 1024w, https:\/\/www.pirilampo.pt\/wp-content\/uploads\/2019\/11\/footer--300x130.png 300w, https:\/\/www.pirilampo.pt\/wp-content\/uploads\/2019\/11\/footer--768x332.png 768w, https:\/\/www.pirilampo.pt\/wp-content\/uploads\/2019\/11\/footer--600x259.png 600w, https:\/\/www.pirilampo.pt\/wp-content\/uploads\/2019\/11\/footer-.png 1157w\" sizes=\"(max-width: 1024px) 100vw, 1024px\" \/>\t\t\t\t\t\t\t\t\t\t\t\t\t\t\t<\/div>\n\t\t\t\t<\/div>\n\t\t\t\t<div class=\"elementor-element elementor-element-83eb473 elementor-hidden-desktop elementor-widget elementor-widget-spacer\" data-id=\"83eb473\" data-element_type=\"widget\" data-e-type=\"widget\" data-widget_type=\"spacer.default\">\n\t\t\t\t<div class=\"elementor-widget-container\">\n\t\t\t\t\t\t\t<div class=\"elementor-spacer\">\n\t\t\t<div class=\"elementor-spacer-inner\"><\/div>\n\t\t<\/div>\n\t\t\t\t\t\t<\/div>\n\t\t\t\t<\/div>\n\t\t\t\t<div class=\"elementor-element elementor-element-b7f6b74 elementor-widget elementor-widget-text-editor\" data-id=\"b7f6b74\" data-element_type=\"widget\" data-e-type=\"widget\" data-widget_type=\"text-editor.default\">\n\t\t\t\t<div class=\"elementor-widget-container\">\n\t\t\t\t\t\t\t\t\t<p>\u00a9 PIRILAMPO 2026<\/p>\t\t\t\t\t\t\t\t<\/div>\n\t\t\t\t<\/div>\n\t\t\t\t\t<\/div>\n\t\t<\/div>\n\t\t\t\t\t<\/div>\n\t\t<\/section>\n\t\t\t\t<\/div>\n\t\t","protected":false},"excerpt":{"rendered":"<p>DAMOS LUZ \u00c0S SUAS IDEIAS Termos &amp; Condi\u00e7\u00f5es Pre\u00e2mbulo Estas condi\u00e7\u00f5es gerais de venda s\u00e3o acordadas entre a PIRILAMPO, com sede em Lisboa, Av. Salgueiro Maia 1025, Parque da Cotai, e as pessoas que desejem efetuar compras atrav\u00e9s do website www.pirilampo.pt doravante designadas por &#8220;Utilizador&#8221;. As partes acordam que as compras efetuadas atrav\u00e9s do website [&hellip;]<\/p>\n","protected":false},"author":1,"featured_media":0,"parent":0,"menu_order":0,"comment_status":"closed","ping_status":"closed","template":"","meta":{"_monsterinsights_skip_tracking":false,"_monsterinsights_sitenote_active":false,"_monsterinsights_sitenote_note":"","_monsterinsights_sitenote_category":0,"ocean_post_layout":"full-screen","ocean_both_sidebars_style":"","ocean_both_sidebars_content_width":0,"ocean_both_sidebars_sidebars_width":0,"ocean_sidebar":"0","ocean_second_sidebar":"0","ocean_disable_margins":"enable","ocean_add_body_class":"","ocean_shortcode_before_top_bar":"","ocean_shortcode_after_top_bar":"","ocean_shortcode_before_header":"","ocean_shortcode_after_header":"","ocean_has_shortcode":"","ocean_shortcode_after_title":"","ocean_shortcode_before_footer_widgets":"","ocean_shortcode_after_footer_widgets":"","ocean_shortcode_before_footer_bottom":"","ocean_shortcode_after_footer_bottom":"","ocean_display_top_bar":"off","ocean_display_header":"on","ocean_header_style":"","ocean_center_header_left_menu":"0","ocean_custom_header_template":"0","ocean_custom_logo":0,"ocean_custom_retina_logo":0,"ocean_custom_logo_max_width":0,"ocean_custom_logo_tablet_max_width":0,"ocean_custom_logo_mobile_max_width":0,"ocean_custom_logo_max_height":0,"ocean_custom_logo_tablet_max_height":0,"ocean_custom_logo_mobile_max_height":0,"ocean_header_custom_menu":"0","ocean_menu_typo_font_family":"0","ocean_menu_typo_font_subset":"","ocean_menu_typo_font_size":0,"ocean_menu_typo_font_size_tablet":0,"ocean_menu_typo_font_size_mobile":0,"ocean_menu_typo_font_size_unit":"px","ocean_menu_typo_font_weight":"","ocean_menu_typo_font_weight_tablet":"","ocean_menu_typo_font_weight_mobile":"","ocean_menu_typo_transform":"","ocean_menu_typo_transform_tablet":"","ocean_menu_typo_transform_mobile":"","ocean_menu_typo_line_height":0,"ocean_menu_typo_line_height_tablet":0,"ocean_menu_typo_line_height_mobile":0,"ocean_menu_typo_line_height_unit":"","ocean_menu_typo_spacing":0,"ocean_menu_typo_spacing_tablet":0,"ocean_menu_typo_spacing_mobile":0,"ocean_menu_typo_spacing_unit":"","ocean_menu_link_color":"","ocean_menu_link_color_hover":"","ocean_menu_link_color_active":"","ocean_menu_link_background":"","ocean_menu_link_hover_background":"","ocean_menu_link_active_background":"","ocean_menu_social_links_bg":"","ocean_menu_social_hover_links_bg":"","ocean_menu_social_links_color":"","ocean_menu_social_hover_links_color":"","ocean_disable_title":"on","ocean_disable_heading":"default","ocean_post_title":"","ocean_post_subheading":"","ocean_post_title_style":"","ocean_post_title_background_color":"","ocean_post_title_background":0,"ocean_post_title_bg_image_position":"","ocean_post_title_bg_image_attachment":"","ocean_post_title_bg_image_repeat":"","ocean_post_title_bg_image_size":"","ocean_post_title_height":0,"ocean_post_title_bg_overlay":0.5,"ocean_post_title_bg_overlay_color":"","ocean_disable_breadcrumbs":"default","ocean_breadcrumbs_color":"","ocean_breadcrumbs_separator_color":"","ocean_breadcrumbs_links_color":"","ocean_breadcrumbs_links_hover_color":"","ocean_display_footer_widgets":"off","ocean_display_footer_bottom":"off","ocean_custom_footer_template":"0","footnotes":""},"class_list":["post-1318","page","type-page","status-publish","hentry","entry","owp-thumbs-layout-horizontal","owp-btn-normal","owp-tabs-layout-horizontal","has-no-thumbnails","has-product-nav"],"yoast_head":"<!-- This site is optimized with the Yoast SEO plugin v27.0 - https:\/\/yoast.com\/product\/yoast-seo-wordpress\/ -->\n<title>Termos &amp; Condi\u00e7\u00f5es - PIRILAMPO<\/title>\n<meta name=\"robots\" content=\"noindex, nofollow\" \/>\n<meta property=\"og:locale\" content=\"pt_PT\" \/>\n<meta property=\"og:type\" content=\"article\" \/>\n<meta property=\"og:title\" content=\"Termos &amp; Condi\u00e7\u00f5es - PIRILAMPO\" \/>\n<meta property=\"og:description\" content=\"DAMOS LUZ \u00c0S SUAS IDEIAS Termos &amp; Condi\u00e7\u00f5es Pre\u00e2mbulo Estas condi\u00e7\u00f5es gerais de venda s\u00e3o acordadas entre a PIRILAMPO, com sede em Lisboa, Av. Salgueiro Maia 1025, Parque da Cotai, e as pessoas que desejem efetuar compras atrav\u00e9s do website www.pirilampo.pt doravante designadas por &#8220;Utilizador&#8221;. As partes acordam que as compras efetuadas atrav\u00e9s do website [&hellip;]\" \/>\n<meta property=\"og:url\" content=\"https:\/\/www.pirilampo.pt\/pt\/termos-condicoes\/\" \/>\n<meta property=\"og:site_name\" content=\"PIRILAMPO\" \/>\n<meta property=\"article:modified_time\" content=\"2026-02-24T09:00:28+00:00\" \/>\n<meta property=\"og:image\" content=\"https:\/\/www.pirilampo.pt\/wp-content\/uploads\/2026\/02\/intro.png\" \/>\n\t<meta property=\"og:image:width\" content=\"2551\" \/>\n\t<meta property=\"og:image:height\" content=\"615\" \/>\n\t<meta property=\"og:image:type\" content=\"image\/png\" \/>\n<meta name=\"twitter:card\" content=\"summary_large_image\" \/>\n<meta name=\"twitter:label1\" content=\"Tempo estimado de leitura\" \/>\n\t<meta name=\"twitter:data1\" content=\"5 minutos\" \/>\n<script type=\"application\/ld+json\" class=\"yoast-schema-graph\">{\"@context\":\"https:\/\/schema.org\",\"@graph\":[{\"@type\":\"WebPage\",\"@id\":\"https:\/\/www.pirilampo.pt\/termos-condicoes\/\",\"url\":\"https:\/\/www.pirilampo.pt\/termos-condicoes\/\",\"name\":\"Termos & Condi\u00e7\u00f5es - PIRILAMPO\",\"isPartOf\":{\"@id\":\"https:\/\/www.pirilampo.pt\/#website\"},\"primaryImageOfPage\":{\"@id\":\"https:\/\/www.pirilampo.pt\/termos-condicoes\/#primaryimage\"},\"image\":{\"@id\":\"https:\/\/www.pirilampo.pt\/termos-condicoes\/#primaryimage\"},\"thumbnailUrl\":\"https:\/\/www.pirilampo.pt\/wp-content\/uploads\/2026\/02\/intro.png\",\"datePublished\":\"2019-11-25T13:47:19+00:00\",\"dateModified\":\"2026-02-24T09:00:28+00:00\",\"breadcrumb\":{\"@id\":\"https:\/\/www.pirilampo.pt\/termos-condicoes\/#breadcrumb\"},\"inLanguage\":\"pt-PT\",\"potentialAction\":[{\"@type\":\"ReadAction\",\"target\":[\"https:\/\/www.pirilampo.pt\/termos-condicoes\/\"]}]},{\"@type\":\"ImageObject\",\"inLanguage\":\"pt-PT\",\"@id\":\"https:\/\/www.pirilampo.pt\/termos-condicoes\/#primaryimage\",\"url\":\"https:\/\/www.pirilampo.pt\/wp-content\/uploads\/2026\/02\/intro.png\",\"contentUrl\":\"https:\/\/www.pirilampo.pt\/wp-content\/uploads\/2026\/02\/intro.png\"},{\"@type\":\"BreadcrumbList\",\"@id\":\"https:\/\/www.pirilampo.pt\/termos-condicoes\/#breadcrumb\",\"itemListElement\":[{\"@type\":\"ListItem\",\"position\":1,\"name\":\"Home\",\"item\":\"https:\/\/www.pirilampo.pt\/\"},{\"@type\":\"ListItem\",\"position\":2,\"name\":\"Termos &#038; Condi\u00e7\u00f5es\"}]},{\"@type\":\"WebSite\",\"@id\":\"https:\/\/www.pirilampo.pt\/#website\",\"url\":\"https:\/\/www.pirilampo.pt\/\",\"name\":\"PIRILAMPO\",\"description\":\"Neons &amp; Sinal\u00e9tica para Decora\u00e7\u00e3o e Eventos\",\"publisher\":{\"@id\":\"https:\/\/www.pirilampo.pt\/#organization\"},\"potentialAction\":[{\"@type\":\"SearchAction\",\"target\":{\"@type\":\"EntryPoint\",\"urlTemplate\":\"https:\/\/www.pirilampo.pt\/?s={search_term_string}\"},\"query-input\":{\"@type\":\"PropertyValueSpecification\",\"valueRequired\":true,\"valueName\":\"search_term_string\"}}],\"inLanguage\":\"pt-PT\"},{\"@type\":\"Organization\",\"@id\":\"https:\/\/www.pirilampo.pt\/#organization\",\"name\":\"PIRILAMPO\",\"url\":\"https:\/\/www.pirilampo.pt\/\",\"logo\":{\"@type\":\"ImageObject\",\"inLanguage\":\"pt-PT\",\"@id\":\"https:\/\/www.pirilampo.pt\/#\/schema\/logo\/image\/\",\"url\":\"https:\/\/www.pirilampo.pt\/wp-content\/uploads\/2019\/05\/piriround.png\",\"contentUrl\":\"https:\/\/www.pirilampo.pt\/wp-content\/uploads\/2019\/05\/piriround.png\",\"width\":1000,\"height\":1000,\"caption\":\"PIRILAMPO\"},\"image\":{\"@id\":\"https:\/\/www.pirilampo.pt\/#\/schema\/logo\/image\/\"}}]}<\/script>\n<!-- \/ Yoast SEO plugin. -->","yoast_head_json":{"title":"Termos & Condi\u00e7\u00f5es - PIRILAMPO","robots":{"index":"noindex","follow":"nofollow"},"og_locale":"pt_PT","og_type":"article","og_title":"Termos & Condi\u00e7\u00f5es - PIRILAMPO","og_description":"DAMOS LUZ \u00c0S SUAS IDEIAS Termos &amp; Condi\u00e7\u00f5es Pre\u00e2mbulo Estas condi\u00e7\u00f5es gerais de venda s\u00e3o acordadas entre a PIRILAMPO, com sede em Lisboa, Av. Salgueiro Maia 1025, Parque da Cotai, e as pessoas que desejem efetuar compras atrav\u00e9s do website www.pirilampo.pt doravante designadas por &#8220;Utilizador&#8221;. As partes acordam que as compras efetuadas atrav\u00e9s do website [&hellip;]","og_url":"https:\/\/www.pirilampo.pt\/pt\/termos-condicoes\/","og_site_name":"PIRILAMPO","article_modified_time":"2026-02-24T09:00:28+00:00","og_image":[{"width":2551,"height":615,"url":"https:\/\/www.pirilampo.pt\/wp-content\/uploads\/2026\/02\/intro.png","type":"image\/png"}],"twitter_card":"summary_large_image","twitter_misc":{"Tempo estimado de leitura":"5 minutos"},"schema":{"@context":"https:\/\/schema.org","@graph":[{"@type":"WebPage","@id":"https:\/\/www.pirilampo.pt\/termos-condicoes\/","url":"https:\/\/www.pirilampo.pt\/termos-condicoes\/","name":"Termos & Condi\u00e7\u00f5es - PIRILAMPO","isPartOf":{"@id":"https:\/\/www.pirilampo.pt\/#website"},"primaryImageOfPage":{"@id":"https:\/\/www.pirilampo.pt\/termos-condicoes\/#primaryimage"},"image":{"@id":"https:\/\/www.pirilampo.pt\/termos-condicoes\/#primaryimage"},"thumbnailUrl":"https:\/\/www.pirilampo.pt\/wp-content\/uploads\/2026\/02\/intro.png","datePublished":"2019-11-25T13:47:19+00:00","dateModified":"2026-02-24T09:00:28+00:00","breadcrumb":{"@id":"https:\/\/www.pirilampo.pt\/termos-condicoes\/#breadcrumb"},"inLanguage":"pt-PT","potentialAction":[{"@type":"ReadAction","target":["https:\/\/www.pirilampo.pt\/termos-condicoes\/"]}]},{"@type":"ImageObject","inLanguage":"pt-PT","@id":"https:\/\/www.pirilampo.pt\/termos-condicoes\/#primaryimage","url":"https:\/\/www.pirilampo.pt\/wp-content\/uploads\/2026\/02\/intro.png","contentUrl":"https:\/\/www.pirilampo.pt\/wp-content\/uploads\/2026\/02\/intro.png"},{"@type":"BreadcrumbList","@id":"https:\/\/www.pirilampo.pt\/termos-condicoes\/#breadcrumb","itemListElement":[{"@type":"ListItem","position":1,"name":"Home","item":"https:\/\/www.pirilampo.pt\/"},{"@type":"ListItem","position":2,"name":"Termos &#038; Condi\u00e7\u00f5es"}]},{"@type":"WebSite","@id":"https:\/\/www.pirilampo.pt\/#website","url":"https:\/\/www.pirilampo.pt\/","name":"PIRILAMPO","description":"Neons &amp; Sinal\u00e9tica para Decora\u00e7\u00e3o e Eventos","publisher":{"@id":"https:\/\/www.pirilampo.pt\/#organization"},"potentialAction":[{"@type":"SearchAction","target":{"@type":"EntryPoint","urlTemplate":"https:\/\/www.pirilampo.pt\/?s={search_term_string}"},"query-input":{"@type":"PropertyValueSpecification","valueRequired":true,"valueName":"search_term_string"}}],"inLanguage":"pt-PT"},{"@type":"Organization","@id":"https:\/\/www.pirilampo.pt\/#organization","name":"PIRILAMPO","url":"https:\/\/www.pirilampo.pt\/","logo":{"@type":"ImageObject","inLanguage":"pt-PT","@id":"https:\/\/www.pirilampo.pt\/#\/schema\/logo\/image\/","url":"https:\/\/www.pirilampo.pt\/wp-content\/uploads\/2019\/05\/piriround.png","contentUrl":"https:\/\/www.pirilampo.pt\/wp-content\/uploads\/2019\/05\/piriround.png","width":1000,"height":1000,"caption":"PIRILAMPO"},"image":{"@id":"https:\/\/www.pirilampo.pt\/#\/schema\/logo\/image\/"}}]}},"_links":{"self":[{"href":"https:\/\/www.pirilampo.pt\/pt\/wp-json\/wp\/v2\/pages\/1318","targetHints":{"allow":["GET"]}}],"collection":[{"href":"https:\/\/www.pirilampo.pt\/pt\/wp-json\/wp\/v2\/pages"}],"about":[{"href":"https:\/\/www.pirilampo.pt\/pt\/wp-json\/wp\/v2\/types\/page"}],"author":[{"embeddable":true,"href":"https:\/\/www.pirilampo.pt\/pt\/wp-json\/wp\/v2\/users\/1"}],"replies":[{"embeddable":true,"href":"https:\/\/www.pirilampo.pt\/pt\/wp-json\/wp\/v2\/comments?post=1318"}],"version-history":[{"count":58,"href":"https:\/\/www.pirilampo.pt\/pt\/wp-json\/wp\/v2\/pages\/1318\/revisions"}],"predecessor-version":[{"id":17479,"href":"https:\/\/www.pirilampo.pt\/pt\/wp-json\/wp\/v2\/pages\/1318\/revisions\/17479"}],"wp:attachment":[{"href":"https:\/\/www.pirilampo.pt\/pt\/wp-json\/wp\/v2\/media?parent=1318"}],"curies":[{"name":"wp","href":"https:\/\/api.w.org\/{rel}","templated":true}]}}